{"id":19,"date":"2026-02-03T14:35:51","date_gmt":"2026-02-03T14:35:51","guid":{"rendered":"https:\/\/uniquepomie.fr\/?page_id=19"},"modified":"2026-03-23T14:06:03","modified_gmt":"2026-03-23T14:06:03","slug":"acceuil","status":"publish","type":"page","link":"https:\/\/uniquepomie.fr\/","title":{"rendered":"Accueil"},"content":{"rendered":"<p>[et_pb_section fb_built=\u00a0\u00bb1&Prime; _builder_version=\u00a0\u00bb4.27.5&Prime; _module_preset=\u00a0\u00bbdefault\u00a0\u00bb background_color=\u00a0\u00bb#eeefb6&Prime; min_height=\u00a0\u00bb2528.5px\u00a0\u00bb custom_padding=\u00a0\u00bb0px||2px|||\u00a0\u00bb global_colors_info=\u00a0\u00bb{}\u00a0\u00bb][et_pb_row _builder_version=\u00a0\u00bb4.27.5&Prime; _module_preset=\u00a0\u00bbdefault\u00a0\u00bb global_colors_info=\u00a0\u00bb{}\u00a0\u00bb][et_pb_column type=\u00a0\u00bb4_4&Prime; _builder_version=\u00a0\u00bb4.27.5&Prime; _module_preset=\u00a0\u00bbdefault\u00a0\u00bb global_colors_info=\u00a0\u00bb{}\u00a0\u00bb][et_pb_text _builder_version=\u00a0\u00bb4.27.5&Prime; _module_preset=\u00a0\u00bbdefault\u00a0\u00bb text_font_size=\u00a0\u00bb67px\u00a0\u00bb global_colors_info=\u00a0\u00bb{}\u00a0\u00bb]<\/p>\n<p style=\"text-align: center;\"><span style=\"font-family: 'Tiro Devanagari Marathi'; font-size: xx-large; color: #0a0a0a;\">Uniquepomie<\/span><\/p>\n<p>[\/et_pb_text][et_pb_text _builder_version=\u00a0\u00bb4.27.5&Prime; _module_preset=\u00a0\u00bbdefault\u00a0\u00bb text_font=\u00a0\u00bb||on||||||\u00a0\u00bb text_text_color=\u00a0\u00bb#963980&Prime; text_font_size=\u00a0\u00bb26px\u00a0\u00bb header_font_size=\u00a0\u00bb41px\u00a0\u00bb text_text_shadow_style=\u00a0\u00bbpreset3&Prime; global_colors_info=\u00a0\u00bb{}\u00a0\u00bb]<\/p>\n<p style=\"text-align: center;\">Vos cheveux sont ma priorit\u00e9<\/p>\n<p>[\/et_pb_text][\/et_pb_column][\/et_pb_row][et_pb_row column_structure=\u00a0\u00bb2_5,3_5&Prime; _builder_version=\u00a0\u00bb4.27.5&Prime; _module_preset=\u00a0\u00bbdefault\u00a0\u00bb custom_padding=\u00a0\u00bb||0px|||\u00a0\u00bb global_colors_info=\u00a0\u00bb{}\u00a0\u00bb][et_pb_column type=\u00a0\u00bb2_5&Prime; _builder_version=\u00a0\u00bb4.27.5&Prime; _module_preset=\u00a0\u00bbdefault\u00a0\u00bb global_colors_info=\u00a0\u00bb{}\u00a0\u00bb][et_pb_image src=\u00a0\u00bbhttps:\/\/uniquepomie.fr\/wp-content\/uploads\/2026\/02\/Capture-decran-2026-02-03-162949.png\u00a0\u00bb title_text=\u00a0\u00bbCapture d&rsquo;\u00e9cran 2026-02-03 162949&Prime; _builder_version=\u00a0\u00bb4.27.5&Prime; _module_preset=\u00a0\u00bbdefault\u00a0\u00bb custom_margin=\u00a0\u00bb||34px|||\u00a0\u00bb global_colors_info=\u00a0\u00bb{}\u00a0\u00bb][\/et_pb_image][\/et_pb_column][et_pb_column type=\u00a0\u00bb3_5&Prime; _builder_version=\u00a0\u00bb4.27.5&Prime; _module_preset=\u00a0\u00bbdefault\u00a0\u00bb global_colors_info=\u00a0\u00bb{}\u00a0\u00bb][et_pb_text _builder_version=\u00a0\u00bb4.27.5&Prime; _module_preset=\u00a0\u00bbdefault\u00a0\u00bb min_height=\u00a0\u00bb348.4px\u00a0\u00bb inline_fonts=\u00a0\u00bbTiro Devanagari Marathi\u00a0\u00bb global_colors_info=\u00a0\u00bb{}\u00a0\u00bb]<\/p>\n<p class=\"hero-sub\" style=\"text-align: justify;\"><span style=\"font-family: 'Tiro Devanagari Marathi'; font-weight: normal; font-size: x-large;\"><\/span><\/p>\n<div class=\"hero-pills\" style=\"text-align: justify;\">\n<p class=\"font-claude-response-body break-words whitespace-normal leading-[1.7]\"><span style=\"font-size: 14px; color: #0a0a0a;\">Chez Uniquepomie, on a s\u00e9lectionn\u00e9 pour vous les meilleurs produits et mat\u00e9riels capillaires. Que vous ayez les cheveux boucl\u00e9s, lisses, courts ou longs, vous trouverez tout ce qu&rsquo;il vous faut. Chaque produit est soigneusement choisi pour vous offrir qualit\u00e9, douceur et r\u00e9sultats visibles d\u00e8s la premi\u00e8re utilisation. Parce que prendre soin de vos cheveux, c&rsquo;est aussi prendre soin de vous.<\/span><br \/><span style=\"color: #0a0a0a;\">Nous savons \u00e0 quel point il peut \u00eatre difficile de trouver les bons produits ceux qui respectent votre type de cheveu, qui tiennent leurs promesses et qui s&rsquo;adaptent \u00e0 votre routine. C&rsquo;est exactement pourquoi Uniquepomie existe : pour vous simplifier la vie et vous faire gagner du temps, sans jamais sacrifier la qualit\u00e9.<\/span><\/p>\n<p class=\"font-claude-response-body break-words whitespace-normal leading-[1.7]\"><span style=\"color: #0a0a0a;\">Que vous cherchiez un soin nourrissant pour des cheveux ab\u00eem\u00e9s, un outil professionnel pour un r\u00e9sultat salon \u00e0 la maison, ou simplement de bons conseils pour adopter une routine capillaire adapt\u00e9e vous \u00eates au bon endroit.<\/span><\/p>\n<p class=\"font-claude-response-body break-words whitespace-normal leading-[1.7]\"><span style=\"color: #0a0a0a;\">Ici, chaque client compte. On ne vend pas juste des produits, on accompagne votre cheveu dans toute sa beaut\u00e9, qu&rsquo;il soit naturel, color\u00e9, textur\u00e9 ou fin. Parce que tous les cheveux m\u00e9ritent le meilleur, et vous aussi. \ud83c\udf38<\/span><\/p>\n<\/div>\n<p>[\/et_pb_text][\/et_pb_column][\/et_pb_row][et_pb_row _builder_version=\u00a0\u00bb4.27.5&Prime; _module_preset=\u00a0\u00bbdefault\u00a0\u00bb global_colors_info=\u00a0\u00bb{}\u00a0\u00bb][et_pb_column type=\u00a0\u00bb4_4&Prime; _builder_version=\u00a0\u00bb4.27.5&Prime; _module_preset=\u00a0\u00bbdefault\u00a0\u00bb global_colors_info=\u00a0\u00bb{}\u00a0\u00bb][et_pb_text _builder_version=\u00a0\u00bb4.27.5&Prime; _module_preset=\u00a0\u00bbdefault\u00a0\u00bb inline_fonts=\u00a0\u00bbTiro Devanagari Marathi\u00a0\u00bb global_colors_info=\u00a0\u00bb{}\u00a0\u00bb]<\/p>\n<h2 class=\"section-title\"><span style=\"font-size: xx-large; font-family: 'Tiro Devanagari Marathi';\"><em>Moi c&rsquo;est Chaness \ud83c\udf38<\/em><\/span><\/h2>\n<p>[\/et_pb_text][\/et_pb_column][\/et_pb_row][et_pb_row column_structure=\u00a0\u00bb3_5,2_5&Prime; _builder_version=\u00a0\u00bb4.27.5&Prime; _module_preset=\u00a0\u00bbdefault\u00a0\u00bb global_colors_info=\u00a0\u00bb{}\u00a0\u00bb][et_pb_column type=\u00a0\u00bb3_5&Prime; _builder_version=\u00a0\u00bb4.27.5&Prime; _module_preset=\u00a0\u00bbdefault\u00a0\u00bb global_colors_info=\u00a0\u00bb{}\u00a0\u00bb][et_pb_text _builder_version=\u00a0\u00bb4.27.5&Prime; _module_preset=\u00a0\u00bbdefault\u00a0\u00bb custom_padding=\u00a0\u00bb||14px|||\u00a0\u00bb global_colors_info=\u00a0\u00bb{}\u00a0\u00bb]<\/p>\n<p class=\"about-para\" style=\"text-align: justify;\"><span style=\"color: #0a0a0a;\">Uniquepomie, c&rsquo;est une histoire de passion. Depuis toujours, les cheveux ont \u00e9t\u00e9 bien plus qu&rsquo;une simple routine pour moi c&rsquo;est une fa\u00e7on d&rsquo;exprimer qui on est, de se sentir belle et confiante chaque jour.<\/span><\/p>\n<p class=\"about-para\" style=\"text-align: justify;\"><span style=\"color: #0a0a0a;\">J&rsquo;ai cr\u00e9\u00e9 cette boutique parce que je voulais partager ce que j&rsquo;aime : des produits et du mat\u00e9riel capillaire vraiment efficaces, s\u00e9lectionn\u00e9s avec soin, pour toutes celles et ceux qui veulent prendre soin de leurs cheveux comme ils le m\u00e9ritent.<\/span><\/p>\n<p class=\"about-para\" style=\"text-align: justify;\"><span style=\"color: #0a0a0a;\">Chez Uniquepomie, chaque produit passe entre mes mains avant d&rsquo;arriver chez vous. Pas de compromis sur la qualit\u00e9 seulement ce que j&rsquo;utiliserais moi-m\u00eame. \ud83c\udf38<\/span><\/p>\n<p>[\/et_pb_text][\/et_pb_column][et_pb_column type=\u00a0\u00bb2_5&Prime; _builder_version=\u00a0\u00bb4.27.5&Prime; _module_preset=\u00a0\u00bbdefault\u00a0\u00bb global_colors_info=\u00a0\u00bb{}\u00a0\u00bb][et_pb_image src=\u00a0\u00bbhttps:\/\/uniquepomie.fr\/wp-content\/uploads\/2026\/03\/Capture-decran-2026-03-02-112447.png\u00a0\u00bb title_text=\u00a0\u00bbCapture d&rsquo;\u00e9cran 2026-03-02 112447&Prime; _builder_version=\u00a0\u00bb4.27.5&Prime; _module_preset=\u00a0\u00bbdefault\u00a0\u00bb global_colors_info=\u00a0\u00bb{}\u00a0\u00bb][\/et_pb_image][\/et_pb_column][\/et_pb_row][et_pb_row _builder_version=\u00a0\u00bb4.27.5&Prime; _module_preset=\u00a0\u00bbdefault\u00a0\u00bb global_colors_info=\u00a0\u00bb{}\u00a0\u00bb][et_pb_column type=\u00a0\u00bb4_4&Prime; _builder_version=\u00a0\u00bb4.27.5&Prime; _module_preset=\u00a0\u00bbdefault\u00a0\u00bb global_colors_info=\u00a0\u00bb{}\u00a0\u00bb][et_pb_text _builder_version=\u00a0\u00bb4.27.5&Prime; _module_preset=\u00a0\u00bbdefault\u00a0\u00bb text_text_color=\u00a0\u00bb#000000&Prime; text_font_size=\u00a0\u00bb40px\u00a0\u00bb global_colors_info=\u00a0\u00bb{}\u00a0\u00bb]<\/p>\n<p style=\"text-align: center;\"><em>Nos engagements<\/em><\/p>\n<p>[\/et_pb_text][\/et_pb_column][\/et_pb_row][et_pb_row column_structure=\u00a0\u00bb1_3,2_3&Prime; _builder_version=\u00a0\u00bb4.27.5&Prime; _module_preset=\u00a0\u00bbdefault\u00a0\u00bb global_colors_info=\u00a0\u00bb{}\u00a0\u00bb][et_pb_column type=\u00a0\u00bb1_3&Prime; _builder_version=\u00a0\u00bb4.27.5&Prime; _module_preset=\u00a0\u00bbdefault\u00a0\u00bb global_colors_info=\u00a0\u00bb{}\u00a0\u00bb][et_pb_image src=\u00a0\u00bbhttps:\/\/uniquepomie.fr\/wp-content\/uploads\/2026\/03\/Capture-decran-2026-03-02-114814.png\u00a0\u00bb title_text=\u00a0\u00bbCapture d&rsquo;\u00e9cran 2026-03-02 114814&Prime; _builder_version=\u00a0\u00bb4.27.5&Prime; _module_preset=\u00a0\u00bbdefault\u00a0\u00bb global_colors_info=\u00a0\u00bb{}\u00a0\u00bb][\/et_pb_image][\/et_pb_column][et_pb_column type=\u00a0\u00bb2_3&Prime; _builder_version=\u00a0\u00bb4.27.5&Prime; _module_preset=\u00a0\u00bbdefault\u00a0\u00bb global_colors_info=\u00a0\u00bb{}\u00a0\u00bb][et_pb_text _builder_version=\u00a0\u00bb4.27.5&Prime; _module_preset=\u00a0\u00bbdefault\u00a0\u00bb custom_padding=\u00a0\u00bb||9px|||\u00a0\u00bb global_colors_info=\u00a0\u00bb{}\u00a0\u00bb]<\/p>\n<p class=\"font-claude-response-body break-words whitespace-normal leading-[1.7]\" style=\"text-align: justify;\"><span style=\"color: #0a0a0a;\">Chez Uniquepomie, on ne travaille qu&rsquo;avec des marques qui ont fait leurs preuves. Parce que vos cheveux m\u00e9ritent ce qu&rsquo;il y a de mieux, on a s\u00e9lectionn\u00e9 pour vous des r\u00e9f\u00e9rences reconnues et approuv\u00e9es par des milliers de personnes \u00e0 travers le monde.<\/span><\/p>\n<p class=\"font-claude-response-body break-words whitespace-normal leading-[1.7]\" style=\"text-align: justify;\"><span style=\"color: #0a0a0a;\">Vous retrouverez chez nous des incontournables comme L&rsquo;Or\u00e9al Professionnel, r\u00e9f\u00e9rence mondiale du soin capillaire, K\u00e9rastase, la marque luxe qui transforme chaque cheveu, ou encore Schwarzkopf, expert de la coloration et du soin depuis plus d&rsquo;un si\u00e8cle.<\/span><\/p>\n<p class=\"font-claude-response-body break-words whitespace-normal leading-[1.7]\" style=\"text-align: justify;\"><span style=\"color: #0a0a0a;\">Pour les amoureux des formules naturelles, on a aussi s\u00e9lectionn\u00e9 Shea Moisture, sp\u00e9cialiste des cheveux textur\u00e9s et boucl\u00e9s, et OGX, connue pour ses soins doux et parfum\u00e9s accessibles \u00e0 tous.<\/span><\/p>\n<p class=\"font-claude-response-body break-words whitespace-normal leading-[1.7]\" style=\"text-align: justify;\"><span style=\"color: #0a0a0a;\">Et parce qu&rsquo;on vise l&rsquo;excellence, on est fiers de proposer \u00e9galement K18, la marque r\u00e9volutionnaire qui r\u00e9pare le cheveu de l&rsquo;int\u00e9rieur en seulement 4 minutes, ainsi que GHD, la r\u00e9f\u00e9rence absolue en mati\u00e8re d&rsquo;outils coiffants professionnels utilis\u00e9s par les plus grands coiffeurs du monde. \ud83c\udf38<\/span><\/p>\n<p>[\/et_pb_text][\/et_pb_column][\/et_pb_row][et_pb_row _builder_version=\u00a0\u00bb4.27.5&Prime; _module_preset=\u00a0\u00bbdefault\u00a0\u00bb global_colors_info=\u00a0\u00bb{}\u00a0\u00bb][et_pb_column type=\u00a0\u00bb4_4&Prime; _builder_version=\u00a0\u00bb4.27.5&Prime; _module_preset=\u00a0\u00bbdefault\u00a0\u00bb global_colors_info=\u00a0\u00bb{}\u00a0\u00bb][et_pb_text _builder_version=\u00a0\u00bb4.27.5&Prime; _module_preset=\u00a0\u00bbdefault\u00a0\u00bb global_colors_info=\u00a0\u00bb{}\u00a0\u00bb]<\/p>\n<h2 class=\"section-title\" style=\"text-align: center;\"><span style=\"font-family: 'Tiro Devanagari Marathi'; font-weight: normal; font-size: xx-large;\">Ce que disent nos clients \ud83d\udc9c<\/span><\/h2>\n<p>[\/et_pb_text][\/et_pb_column][\/et_pb_row][et_pb_row column_structure=\u00a0\u00bb1_4,1_4,1_4,1_4&Prime; _builder_version=\u00a0\u00bb4.27.5&Prime; _module_preset=\u00a0\u00bbdefault\u00a0\u00bb global_colors_info=\u00a0\u00bb{}\u00a0\u00bb][et_pb_column type=\u00a0\u00bb1_4&Prime; _builder_version=\u00a0\u00bb4.27.5&Prime; _module_preset=\u00a0\u00bbdefault\u00a0\u00bb global_colors_info=\u00a0\u00bb{}\u00a0\u00bb][et_pb_text _builder_version=\u00a0\u00bb4.27.5&Prime; _module_preset=\u00a0\u00bbdefault\u00a0\u00bb min_height=\u00a0\u00bb192.8px\u00a0\u00bb global_colors_info=\u00a0\u00bb{}\u00a0\u00bb]<\/p>\n<p>Ylona R.<span><\/span><\/p>\n<p><span>\u2b50\u2b50\u2b50\u2b50\u2b50<\/span><\/p>\n<p style=\"text-align: justify;\"><span style=\"color: #0a0a0a;\">\u00ab\u00a0Uniquepomie c&rsquo;est ma boutique pr\u00e9f\u00e9r\u00e9e ! Les produits sont de tr\u00e8s bonne qualit\u00e9 et la livraison est super rapide. Je recommande \u00e0 100% !\u00a0\u00bb<\/span><\/p>\n<p><span><\/span><\/p>\n<p>[\/et_pb_text][\/et_pb_column][et_pb_column type=\u00a0\u00bb1_4&Prime; _builder_version=\u00a0\u00bb4.27.5&Prime; _module_preset=\u00a0\u00bbdefault\u00a0\u00bb global_colors_info=\u00a0\u00bb{}\u00a0\u00bb][et_pb_text _builder_version=\u00a0\u00bb4.27.5&Prime; _module_preset=\u00a0\u00bbdefault\u00a0\u00bb global_colors_info=\u00a0\u00bb{}\u00a0\u00bb]<\/p>\n<p>Ema P.<span><\/span><\/p>\n<p><span>\u2b50\u2b50\u2b50\u2b50\u2b50<\/span><\/p>\n<p style=\"text-align: justify;\"><span style=\"color: #0a0a0a;\">\u00ab\u00a0J&rsquo;ai command\u00e9 un fer \u00e0 lisser et franchement je suis bluff\u00e9e. Le mat\u00e9riel est vraiment professionnel pour ce prix-l\u00e0. Mes cheveux n&rsquo;ont jamais \u00e9t\u00e9 aussi beaux !\u00a0\u00bb<\/span><\/p>\n<p><span><\/span><\/p>\n<p><span><\/span><\/p>\n<p>[\/et_pb_text][\/et_pb_column][et_pb_column type=\u00a0\u00bb1_4&Prime; _builder_version=\u00a0\u00bb4.27.5&Prime; _module_preset=\u00a0\u00bbdefault\u00a0\u00bb global_colors_info=\u00a0\u00bb{}\u00a0\u00bb][et_pb_text _builder_version=\u00a0\u00bb4.27.5&Prime; _module_preset=\u00a0\u00bbdefault\u00a0\u00bb custom_padding=\u00a0\u00bb||6px|||\u00a0\u00bb global_colors_info=\u00a0\u00bb{}\u00a0\u00bb]<\/p>\n<p><span>Lina K.<\/span><\/p>\n<p><span>\u2b50\u2b50\u2b50\u2b50\u2b50<\/span><\/p>\n<p style=\"text-align: justify;\"><span style=\"color: #0a0a0a;\">\u00ab\u00a0Ce que j&rsquo;adore chez Uniquepomie c&rsquo;est qu&rsquo;ils ont des produits pour tous les types de cheveux. En tant que m\u00e9tisse j&rsquo;ai souvent du mal \u00e0 trouver ce qu&rsquo;il me faut ici c&rsquo;est parfait !\u00a0\u00bb<\/span><\/p>\n<p>[\/et_pb_text][\/et_pb_column][et_pb_column type=\u00a0\u00bb1_4&Prime; _builder_version=\u00a0\u00bb4.27.5&Prime; _module_preset=\u00a0\u00bbdefault\u00a0\u00bb global_colors_info=\u00a0\u00bb{}\u00a0\u00bb][et_pb_text _builder_version=\u00a0\u00bb4.27.5&Prime; _module_preset=\u00a0\u00bbdefault\u00a0\u00bb text_text_color=\u00a0\u00bb#000000&Prime; global_colors_info=\u00a0\u00bb{}\u00a0\u00bb]<\/p>\n<p>Nadia B.<span><\/span><\/p>\n<p><span>\u2b50\u2b50\u2b50\u2b50\u2b50<\/span><\/p>\n<p style=\"text-align: justify;\"><span>\u00ab\u00a0Service client au top ! J&rsquo;avais un probl\u00e8me avec ma commande et ils ont tout r\u00e9gl\u00e9 en moins de 24h. Des produits de qualit\u00e9 et une \u00e9quipe vraiment \u00e0 l&rsquo;\u00e9coute. Merci Uniquepomie !\u00a0\u00bb<\/span><\/p>\n<p><span><\/span><\/p>\n<p>[\/et_pb_text][\/et_pb_column][\/et_pb_row][et_pb_row column_structure=\u00a0\u00bb1_3,1_3,1_3&Prime; _builder_version=\u00a0\u00bb4.27.5&Prime; _module_preset=\u00a0\u00bbdefault\u00a0\u00bb global_colors_info=\u00a0\u00bb{}\u00a0\u00bb][et_pb_column type=\u00a0\u00bb1_3&Prime; _builder_version=\u00a0\u00bb4.27.5&Prime; _module_preset=\u00a0\u00bbdefault\u00a0\u00bb global_colors_info=\u00a0\u00bb{}\u00a0\u00bb][et_pb_text _builder_version=\u00a0\u00bb4.27.5&Prime; _module_preset=\u00a0\u00bbdefault\u00a0\u00bb text_text_color=\u00a0\u00bb#000000&Prime; global_colors_info=\u00a0\u00bb{}\u00a0\u00bb]<\/p>\n<p><span>\u00a0 \u00a0 \u00a0 \u00a0 \u00a0 \u00a0 \u00a0 \u00a0 \u00a0 \u00a0 \u00a0 \u00a0 \u00a0 \u00a0 \u00a0 \u2728 Qualit\u00e9 garantie<\/span><\/p>\n<p>[\/et_pb_text][\/et_pb_column][et_pb_column type=\u00a0\u00bb1_3&Prime; _builder_version=\u00a0\u00bb4.27.5&Prime; _module_preset=\u00a0\u00bbdefault\u00a0\u00bb global_colors_info=\u00a0\u00bb{}\u00a0\u00bb][et_pb_text _builder_version=\u00a0\u00bb4.27.5&Prime; _module_preset=\u00a0\u00bbdefault\u00a0\u00bb text_text_color=\u00a0\u00bb#000000&Prime; global_colors_info=\u00a0\u00bb{}\u00a0\u00bb]<\/p>\n<p style=\"text-align: center;\"><span>\u00a0 \u00a0 \u00a0 \u00a0 \u00a0 \ud83d\udc9c Tous types de cheveux<\/span><\/p>\n<p>[\/et_pb_text][\/et_pb_column][et_pb_column type=\u00a0\u00bb1_3&Prime; _builder_version=\u00a0\u00bb4.27.5&Prime; _module_preset=\u00a0\u00bbdefault\u00a0\u00bb global_colors_info=\u00a0\u00bb{}\u00a0\u00bb][et_pb_text _builder_version=\u00a0\u00bb4.27.5&Prime; _module_preset=\u00a0\u00bbdefault\u00a0\u00bb text_text_color=\u00a0\u00bb#000000&Prime; global_colors_info=\u00a0\u00bb{}\u00a0\u00bb]<\/p>\n<p><span>\u00a0 \u00a0 \u00a0 \u00a0 \u00a0 \u00a0 \u00a0 \u00a0 \u00a0 \u00a0 \u00a0 \u00a0 \u00a0 \u00a0 \u00a0<\/span><span>\u00a0 \u00a0\ud83d\ude9a Livraison rapide<\/span><\/p>\n<p>[\/et_pb_text][\/et_pb_column][\/et_pb_row][et_pb_row _builder_version=\u00a0\u00bb4.27.5&Prime; _module_preset=\u00a0\u00bbdefault\u00a0\u00bb custom_padding=\u00a0\u00bb||0px|||\u00a0\u00bb global_colors_info=\u00a0\u00bb{}\u00a0\u00bb][et_pb_column type=\u00a0\u00bb4_4&Prime; _builder_version=\u00a0\u00bb4.27.5&Prime; _module_preset=\u00a0\u00bbdefault\u00a0\u00bb global_colors_info=\u00a0\u00bb{}\u00a0\u00bb][et_pb_text _builder_version=\u00a0\u00bb4.27.5&Prime; _module_preset=\u00a0\u00bbdefault\u00a0\u00bb text_text_color=\u00a0\u00bb#000000&Prime; custom_margin=\u00a0\u00bb||114px|||\u00a0\u00bb global_colors_info=\u00a0\u00bb{}\u00a0\u00bb]<\/p>\n<div class=\"footer-logo\" style=\"text-align: center;\"><strong>Uniquepomie<\/strong><\/div>\n<p style=\"text-align: center;\"><strong>Votre cheveu, notre passion. \ud83d\udc9c<\/strong><\/p>\n<p style=\"text-align: center;\"><strong>\u00a9 2026 Uniquepomie \u2014 Tous droits r\u00e9serv\u00e9s<\/strong><\/p>\n<p>[\/et_pb_text][\/et_pb_column][\/et_pb_row][\/et_pb_section]<\/p>\n","protected":false},"excerpt":{"rendered":"<p>UniquepomieVos cheveux sont ma priorit\u00e9 Chez Uniquepomie, on a s\u00e9lectionn\u00e9 pour vous les meilleurs produits et mat\u00e9riels capillaires. Que vous ayez les cheveux boucl\u00e9s, lisses, courts ou longs, vous trouverez tout ce qu&rsquo;il vous faut. Chaque produit est soigneusement choisi pour vous offrir qualit\u00e9, douceur et r\u00e9sultats visibles d\u00e8s la premi\u00e8re utilisation. Parce que prendre [&hellip;]<\/p>\n","protected":false},"author":1,"featured_media":0,"parent":0,"menu_order":0,"comment_status":"closed","ping_status":"closed","template":"","meta":{"_et_pb_use_builder":"on","_et_pb_old_content":"","_et_gb_content_width":"","footnotes":""},"class_list":["post-19","page","type-page","status-publish","hentry"],"yoast_head":"<!-- This site is optimized with the Yoast SEO plugin v27.1.1 - https:\/\/yoast.com\/product\/yoast-seo-wordpress\/ -->\n<title>Uniquepomie et vos cheveux<\/title>\n<meta name=\"description\" content=\"Ce dont tu as besoin pour ta routine capillaire : des shampoings doux, des masques hydratants, des produits pour cheveux boucl\u00e9s ou lisses\" \/>\n<meta name=\"robots\" content=\"index, follow, max-snippet:-1, max-image-preview:large, max-video-preview:-1\" \/>\n<link rel=\"canonical\" href=\"https:\/\/uniquepomie.fr\/\" \/>\n<meta property=\"og:locale\" content=\"fr_FR\" \/>\n<meta property=\"og:type\" content=\"article\" \/>\n<meta property=\"og:title\" content=\"Uniquepomie et vos cheveux\" \/>\n<meta property=\"og:description\" content=\"Ce dont tu as besoin pour ta routine capillaire : des shampoings doux, des masques hydratants, des produits pour cheveux boucl\u00e9s ou lisses\" \/>\n<meta property=\"og:url\" content=\"https:\/\/uniquepomie.fr\/\" \/>\n<meta property=\"og:site_name\" content=\"uniquepomie\" \/>\n<meta property=\"article:modified_time\" content=\"2026-03-23T14:06:03+00:00\" \/>\n<meta name=\"twitter:card\" content=\"summary_large_image\" \/>\n<meta name=\"twitter:label1\" content=\"Dur\u00e9e de lecture estim\u00e9e\" \/>\n\t<meta name=\"twitter:data1\" content=\"4 minutes\" \/>\n<script type=\"application\/ld+json\" class=\"yoast-schema-graph\">{\"@context\":\"https:\/\/schema.org\",\"@graph\":[{\"@type\":\"WebPage\",\"@id\":\"https:\/\/uniquepomie.fr\/\",\"url\":\"https:\/\/uniquepomie.fr\/\",\"name\":\"Uniquepomie et vos cheveux\",\"isPartOf\":{\"@id\":\"https:\/\/uniquepomie.fr\/#website\"},\"datePublished\":\"2026-02-03T14:35:51+00:00\",\"dateModified\":\"2026-03-23T14:06:03+00:00\",\"description\":\"Ce dont tu as besoin pour ta routine capillaire : des shampoings doux, des masques hydratants, des produits pour cheveux boucl\u00e9s ou lisses\",\"breadcrumb\":{\"@id\":\"https:\/\/uniquepomie.fr\/#breadcrumb\"},\"inLanguage\":\"fr-FR\",\"potentialAction\":[{\"@type\":\"ReadAction\",\"target\":[\"https:\/\/uniquepomie.fr\/\"]}]},{\"@type\":\"BreadcrumbList\",\"@id\":\"https:\/\/uniquepomie.fr\/#breadcrumb\",\"itemListElement\":[{\"@type\":\"ListItem\",\"position\":1,\"name\":\"Accueil\",\"item\":\"https:\/\/uniquepomie.fr\/\"},{\"@type\":\"ListItem\",\"position\":2,\"name\":\"Accueil\"}]},{\"@type\":\"WebSite\",\"@id\":\"https:\/\/uniquepomie.fr\/#website\",\"url\":\"https:\/\/uniquepomie.fr\/\",\"name\":\"uniquepomie\",\"description\":\"\",\"potentialAction\":[{\"@type\":\"SearchAction\",\"target\":{\"@type\":\"EntryPoint\",\"urlTemplate\":\"https:\/\/uniquepomie.fr\/?s={search_term_string}\"},\"query-input\":{\"@type\":\"PropertyValueSpecification\",\"valueRequired\":true,\"valueName\":\"search_term_string\"}}],\"inLanguage\":\"fr-FR\"}]}<\/script>\n<!-- \/ Yoast SEO plugin. -->","yoast_head_json":{"title":"Uniquepomie et vos cheveux","description":"Ce dont tu as besoin pour ta routine capillaire : des shampoings doux, des masques hydratants, des produits pour cheveux boucl\u00e9s ou lisses","robots":{"index":"index","follow":"follow","max-snippet":"max-snippet:-1","max-image-preview":"max-image-preview:large","max-video-preview":"max-video-preview:-1"},"canonical":"https:\/\/uniquepomie.fr\/","og_locale":"fr_FR","og_type":"article","og_title":"Uniquepomie et vos cheveux","og_description":"Ce dont tu as besoin pour ta routine capillaire : des shampoings doux, des masques hydratants, des produits pour cheveux boucl\u00e9s ou lisses","og_url":"https:\/\/uniquepomie.fr\/","og_site_name":"uniquepomie","article_modified_time":"2026-03-23T14:06:03+00:00","twitter_card":"summary_large_image","twitter_misc":{"Dur\u00e9e de lecture estim\u00e9e":"4 minutes"},"schema":{"@context":"https:\/\/schema.org","@graph":[{"@type":"WebPage","@id":"https:\/\/uniquepomie.fr\/","url":"https:\/\/uniquepomie.fr\/","name":"Uniquepomie et vos cheveux","isPartOf":{"@id":"https:\/\/uniquepomie.fr\/#website"},"datePublished":"2026-02-03T14:35:51+00:00","dateModified":"2026-03-23T14:06:03+00:00","description":"Ce dont tu as besoin pour ta routine capillaire : des shampoings doux, des masques hydratants, des produits pour cheveux boucl\u00e9s ou lisses","breadcrumb":{"@id":"https:\/\/uniquepomie.fr\/#breadcrumb"},"inLanguage":"fr-FR","potentialAction":[{"@type":"ReadAction","target":["https:\/\/uniquepomie.fr\/"]}]},{"@type":"BreadcrumbList","@id":"https:\/\/uniquepomie.fr\/#breadcrumb","itemListElement":[{"@type":"ListItem","position":1,"name":"Accueil","item":"https:\/\/uniquepomie.fr\/"},{"@type":"ListItem","position":2,"name":"Accueil"}]},{"@type":"WebSite","@id":"https:\/\/uniquepomie.fr\/#website","url":"https:\/\/uniquepomie.fr\/","name":"uniquepomie","description":"","potentialAction":[{"@type":"SearchAction","target":{"@type":"EntryPoint","urlTemplate":"https:\/\/uniquepomie.fr\/?s={search_term_string}"},"query-input":{"@type":"PropertyValueSpecification","valueRequired":true,"valueName":"search_term_string"}}],"inLanguage":"fr-FR"}]}},"_links":{"self":[{"href":"https:\/\/uniquepomie.fr\/index.php?rest_route=\/wp\/v2\/pages\/19","targetHints":{"allow":["GET"]}}],"collection":[{"href":"https:\/\/uniquepomie.fr\/index.php?rest_route=\/wp\/v2\/pages"}],"about":[{"href":"https:\/\/uniquepomie.fr\/index.php?rest_route=\/wp\/v2\/types\/page"}],"author":[{"embeddable":true,"href":"https:\/\/uniquepomie.fr\/index.php?rest_route=\/wp\/v2\/users\/1"}],"replies":[{"embeddable":true,"href":"https:\/\/uniquepomie.fr\/index.php?rest_route=%2Fwp%2Fv2%2Fcomments&post=19"}],"version-history":[{"count":19,"href":"https:\/\/uniquepomie.fr\/index.php?rest_route=\/wp\/v2\/pages\/19\/revisions"}],"predecessor-version":[{"id":189,"href":"https:\/\/uniquepomie.fr\/index.php?rest_route=\/wp\/v2\/pages\/19\/revisions\/189"}],"wp:attachment":[{"href":"https:\/\/uniquepomie.fr\/index.php?rest_route=%2Fwp%2Fv2%2Fmedia&parent=19"}],"curies":[{"name":"wp","href":"https:\/\/api.w.org\/{rel}","templated":true}]}}