{"id":197,"date":"2026-03-23T14:46:57","date_gmt":"2026-03-23T14:46:57","guid":{"rendered":"https:\/\/uniquepomie.fr\/?page_id=197"},"modified":"2026-03-23T14:50:32","modified_gmt":"2026-03-23T14:50:32","slug":"blog","status":"publish","type":"page","link":"https:\/\/uniquepomie.fr\/?page_id=197","title":{"rendered":"BLOG"},"content":{"rendered":"<p>[et_pb_section fb_built=\u00a0\u00bb1&Prime; theme_builder_area=\u00a0\u00bbpost_content\u00a0\u00bb _builder_version=\u00a0\u00bb4.27.5&Prime; _module_preset=\u00a0\u00bbdefault\u00a0\u00bb background_color=\u00a0\u00bb#eeefa7&Prime; hover_enabled=\u00a0\u00bb0&Prime; sticky_enabled=\u00a0\u00bb0&Prime; custom_padding=\u00a0\u00bb||0px|||\u00a0\u00bb][et_pb_row _builder_version=\u00a0\u00bb4.27.5&Prime; _module_preset=\u00a0\u00bbdefault\u00a0\u00bb theme_builder_area=\u00a0\u00bbpost_content\u00a0\u00bb column_structure=\u00a0\u00bb3_5,2_5&Prime;][et_pb_column _builder_version=\u00a0\u00bb4.27.5&Prime; _module_preset=\u00a0\u00bbdefault\u00a0\u00bb type=\u00a0\u00bb3_5&Prime; theme_builder_area=\u00a0\u00bbpost_content\u00a0\u00bb][et_pb_text _builder_version=\u00a0\u00bb4.27.5&Prime; _module_preset=\u00a0\u00bbdefault\u00a0\u00bb theme_builder_area=\u00a0\u00bbpost_content\u00a0\u00bb hover_enabled=\u00a0\u00bb0&Prime; sticky_enabled=\u00a0\u00bb0&Prime; custom_padding=\u00a0\u00bb||6px|||\u00a0\u00bb]<\/p>\n<p data-start=\"73\" data-end=\"202\" style=\"text-align: justify;\"><span style=\"color: #0a0a0a;\">Bienvenue sur le blog Uniquepomie, un espace d\u00e9di\u00e9 \u00e0 l\u2019information, au conseil et \u00e0 la d\u00e9couverte autour de l\u2019univers capillaire.<\/span><\/p>\n<p data-start=\"204\" data-end=\"595\" style=\"text-align: justify;\"><span style=\"color: #0a0a0a;\">\u00c0 travers ce blog, nous souhaitons aller plus loin en vous proposant des contenus vari\u00e9s, accessibles et utiles pour mieux comprendre vos cheveux et en prendre soin au quotidien. Que vous soyez \u00e0 la recherche de conseils pratiques, d\u2019astuces simples ou d\u2019explications plus approfondies, vous trouverez ici des articles pens\u00e9s pour vous accompagner \u00e0 chaque \u00e9tape de votre routine capillaire.<\/span><\/p>\n<p data-start=\"597\" data-end=\"952\" style=\"text-align: justify;\"><span style=\"color: #0a0a0a;\">Le blog Uniquepomie aborde de nombreux sujets : identification des types de cheveux, choix des produits adapt\u00e9s, routines capillaires, soins naturels, utilisation des appareils chauffants comme les lisseurs, ou encore compr\u00e9hension du cuir chevelu. Chaque article est con\u00e7u pour r\u00e9pondre \u00e0 des questions concr\u00e8tes et vous aider \u00e0 faire des choix \u00e9clair\u00e9s.<\/span><\/p>\n<p data-start=\"954\" data-end=\"1295\" style=\"text-align: justify;\"><span style=\"color: #0a0a0a;\">Nous mettons un point d\u2019honneur \u00e0 proposer un contenu clair, fiable et facile \u00e0 comprendre. L\u2019objectif n\u2019est pas de compliquer les choses, mais au contraire de rendre le soin capillaire accessible \u00e0 tous. Peu importe votre niveau de connaissance, vous pourrez avancer \u00e0 votre rythme et d\u00e9couvrir ce qui convient r\u00e9ellement \u00e0 votre chevelure.<\/span><\/p>\n<p>[\/et_pb_text][\/et_pb_column][et_pb_column _builder_version=\u00a0\u00bb4.27.5&Prime; _module_preset=\u00a0\u00bbdefault\u00a0\u00bb type=\u00a0\u00bb2_5&Prime; theme_builder_area=\u00a0\u00bbpost_content\u00a0\u00bb][et_pb_image src=\u00a0\u00bbhttps:\/\/uniquepomie.fr\/wp-content\/uploads\/2026\/03\/Capture-decran-2026-03-23-a-09.38.19.png\u00a0\u00bb _builder_version=\u00a0\u00bb4.27.5&Prime; _module_preset=\u00a0\u00bbdefault\u00a0\u00bb theme_builder_area=\u00a0\u00bbpost_content\u00a0\u00bb hover_enabled=\u00a0\u00bb0&Prime; sticky_enabled=\u00a0\u00bb0&Prime; custom_padding=\u00a0\u00bb||169px|||\u00a0\u00bb title_text=\u00a0\u00bbCapture d\u2019\u00e9cran 2026-03-23 \u00e0 09.38.19&Prime; min_height=\u00a0\u00bb409px\u00a0\u00bb][\/et_pb_image][\/et_pb_column][\/et_pb_row][\/et_pb_section]<\/p>\n","protected":false},"excerpt":{"rendered":"<p>Bienvenue sur le blog Uniquepomie, un espace d\u00e9di\u00e9 \u00e0 l\u2019information, au conseil et \u00e0 la d\u00e9couverte autour de l\u2019univers capillaire. \u00c0 travers ce blog, nous souhaitons aller plus loin en vous proposant des contenus vari\u00e9s, accessibles et utiles pour mieux comprendre vos cheveux et en prendre soin au quotidien. Que vous soyez \u00e0 la recherche [&hellip;]<\/p>\n","protected":false},"author":1,"featured_media":0,"parent":0,"menu_order":0,"comment_status":"closed","ping_status":"closed","template":"","meta":{"_et_pb_use_builder":"on","_et_pb_old_content":"","_et_gb_content_width":"","footnotes":""},"class_list":["post-197","page","type-page","status-publish","hentry"],"yoast_head":"<!-- This site is optimized with the Yoast SEO plugin v27.1.1 - https:\/\/yoast.com\/product\/yoast-seo-wordpress\/ -->\n<title>BLOG - uniquepomie<\/title>\n<meta name=\"robots\" content=\"index, follow, max-snippet:-1, max-image-preview:large, max-video-preview:-1\" \/>\n<link rel=\"canonical\" href=\"https:\/\/uniquepomie.fr\/?page_id=197\" \/>\n<meta property=\"og:locale\" content=\"fr_FR\" \/>\n<meta property=\"og:type\" content=\"article\" \/>\n<meta property=\"og:title\" content=\"BLOG - uniquepomie\" \/>\n<meta property=\"og:description\" content=\"Bienvenue sur le blog Uniquepomie, un espace d\u00e9di\u00e9 \u00e0 l\u2019information, au conseil et \u00e0 la d\u00e9couverte autour de l\u2019univers capillaire. \u00c0 travers ce blog, nous souhaitons aller plus loin en vous proposant des contenus vari\u00e9s, accessibles et utiles pour mieux comprendre vos cheveux et en prendre soin au quotidien. Que vous soyez \u00e0 la recherche [&hellip;]\" \/>\n<meta property=\"og:url\" content=\"https:\/\/uniquepomie.fr\/?page_id=197\" \/>\n<meta property=\"og:site_name\" content=\"uniquepomie\" \/>\n<meta property=\"article:modified_time\" content=\"2026-03-23T14:50:32+00:00\" \/>\n<meta name=\"twitter:card\" content=\"summary_large_image\" \/>\n<script type=\"application\/ld+json\" class=\"yoast-schema-graph\">{\"@context\":\"https:\/\/schema.org\",\"@graph\":[{\"@type\":\"WebPage\",\"@id\":\"https:\/\/uniquepomie.fr\/?page_id=197\",\"url\":\"https:\/\/uniquepomie.fr\/?page_id=197\",\"name\":\"BLOG - uniquepomie\",\"isPartOf\":{\"@id\":\"https:\/\/uniquepomie.fr\/#website\"},\"datePublished\":\"2026-03-23T14:46:57+00:00\",\"dateModified\":\"2026-03-23T14:50:32+00:00\",\"breadcrumb\":{\"@id\":\"https:\/\/uniquepomie.fr\/?page_id=197#breadcrumb\"},\"inLanguage\":\"fr-FR\",\"potentialAction\":[{\"@type\":\"ReadAction\",\"target\":[\"https:\/\/uniquepomie.fr\/?page_id=197\"]}]},{\"@type\":\"BreadcrumbList\",\"@id\":\"https:\/\/uniquepomie.fr\/?page_id=197#breadcrumb\",\"itemListElement\":[{\"@type\":\"ListItem\",\"position\":1,\"name\":\"Accueil\",\"item\":\"https:\/\/uniquepomie.fr\/\"},{\"@type\":\"ListItem\",\"position\":2,\"name\":\"BLOG\"}]},{\"@type\":\"WebSite\",\"@id\":\"https:\/\/uniquepomie.fr\/#website\",\"url\":\"https:\/\/uniquepomie.fr\/\",\"name\":\"uniquepomie\",\"description\":\"\",\"potentialAction\":[{\"@type\":\"SearchAction\",\"target\":{\"@type\":\"EntryPoint\",\"urlTemplate\":\"https:\/\/uniquepomie.fr\/?s={search_term_string}\"},\"query-input\":{\"@type\":\"PropertyValueSpecification\",\"valueRequired\":true,\"valueName\":\"search_term_string\"}}],\"inLanguage\":\"fr-FR\"}]}<\/script>\n<!-- \/ Yoast SEO plugin. -->","yoast_head_json":{"title":"BLOG - uniquepomie","robots":{"index":"index","follow":"follow","max-snippet":"max-snippet:-1","max-image-preview":"max-image-preview:large","max-video-preview":"max-video-preview:-1"},"canonical":"https:\/\/uniquepomie.fr\/?page_id=197","og_locale":"fr_FR","og_type":"article","og_title":"BLOG - uniquepomie","og_description":"Bienvenue sur le blog Uniquepomie, un espace d\u00e9di\u00e9 \u00e0 l\u2019information, au conseil et \u00e0 la d\u00e9couverte autour de l\u2019univers capillaire. \u00c0 travers ce blog, nous souhaitons aller plus loin en vous proposant des contenus vari\u00e9s, accessibles et utiles pour mieux comprendre vos cheveux et en prendre soin au quotidien. Que vous soyez \u00e0 la recherche [&hellip;]","og_url":"https:\/\/uniquepomie.fr\/?page_id=197","og_site_name":"uniquepomie","article_modified_time":"2026-03-23T14:50:32+00:00","twitter_card":"summary_large_image","schema":{"@context":"https:\/\/schema.org","@graph":[{"@type":"WebPage","@id":"https:\/\/uniquepomie.fr\/?page_id=197","url":"https:\/\/uniquepomie.fr\/?page_id=197","name":"BLOG - uniquepomie","isPartOf":{"@id":"https:\/\/uniquepomie.fr\/#website"},"datePublished":"2026-03-23T14:46:57+00:00","dateModified":"2026-03-23T14:50:32+00:00","breadcrumb":{"@id":"https:\/\/uniquepomie.fr\/?page_id=197#breadcrumb"},"inLanguage":"fr-FR","potentialAction":[{"@type":"ReadAction","target":["https:\/\/uniquepomie.fr\/?page_id=197"]}]},{"@type":"BreadcrumbList","@id":"https:\/\/uniquepomie.fr\/?page_id=197#breadcrumb","itemListElement":[{"@type":"ListItem","position":1,"name":"Accueil","item":"https:\/\/uniquepomie.fr\/"},{"@type":"ListItem","position":2,"name":"BLOG"}]},{"@type":"WebSite","@id":"https:\/\/uniquepomie.fr\/#website","url":"https:\/\/uniquepomie.fr\/","name":"uniquepomie","description":"","potentialAction":[{"@type":"SearchAction","target":{"@type":"EntryPoint","urlTemplate":"https:\/\/uniquepomie.fr\/?s={search_term_string}"},"query-input":{"@type":"PropertyValueSpecification","valueRequired":true,"valueName":"search_term_string"}}],"inLanguage":"fr-FR"}]}},"_links":{"self":[{"href":"https:\/\/uniquepomie.fr\/index.php?rest_route=\/wp\/v2\/pages\/197","targetHints":{"allow":["GET"]}}],"collection":[{"href":"https:\/\/uniquepomie.fr\/index.php?rest_route=\/wp\/v2\/pages"}],"about":[{"href":"https:\/\/uniquepomie.fr\/index.php?rest_route=\/wp\/v2\/types\/page"}],"author":[{"embeddable":true,"href":"https:\/\/uniquepomie.fr\/index.php?rest_route=\/wp\/v2\/users\/1"}],"replies":[{"embeddable":true,"href":"https:\/\/uniquepomie.fr\/index.php?rest_route=%2Fwp%2Fv2%2Fcomments&post=197"}],"version-history":[{"count":3,"href":"https:\/\/uniquepomie.fr\/index.php?rest_route=\/wp\/v2\/pages\/197\/revisions"}],"predecessor-version":[{"id":203,"href":"https:\/\/uniquepomie.fr\/index.php?rest_route=\/wp\/v2\/pages\/197\/revisions\/203"}],"wp:attachment":[{"href":"https:\/\/uniquepomie.fr\/index.php?rest_route=%2Fwp%2Fv2%2Fmedia&parent=197"}],"curies":[{"name":"wp","href":"https:\/\/api.w.org\/{rel}","templated":true}]}}